{"id":240,"date":"2025-02-18T14:08:04","date_gmt":"2025-02-18T14:08:04","guid":{"rendered":"https:\/\/innsbrucker-bergfuehrer.at\/?page_id=240"},"modified":"2026-01-25T14:03:39","modified_gmt":"2026-01-25T14:03:39","slug":"ueber-uns","status":"publish","type":"page","link":"https:\/\/innsbrucker-bergfuehrer.at\/en\/ueber-uns\/","title":{"rendered":"About us"},"content":{"rendered":"<div class=\"wp-block-group alignfull has-background-background-color has-background has-global-padding is-layout-constrained wp-container-core-group-is-layout-be509d4b wp-block-group-is-layout-constrained\" style=\"border-top-width:1px;margin-top:0;margin-bottom:0;padding-top:var(--wp--preset--spacing--30);padding-bottom:var(--wp--preset--spacing--60)\">\n<div class=\"wp-block-columns alignfull is-layout-flex wp-container-core-columns-is-layout-fc3f74e4 wp-block-columns-is-layout-flex\" style=\"padding-right:var(--wp--preset--spacing--30);padding-left:var(--wp--preset--spacing--30)\">\n<div class=\"wp-block-column is-layout-flow wp-block-column-is-layout-flow\">\n<figure class=\"wp-block-image size-large\"><img loading=\"lazy\" decoding=\"async\" width=\"2560\" height=\"1707\" src=\"https:\/\/innsbrucker-bergfuehrer.at\/wp-content\/uploads\/2025\/05\/lawinenkurs-1-edited-1-scaled.jpeg\" alt=\"\" class=\"wp-image-567\" style=\"aspect-ratio:16\/9;object-fit:cover\" srcset=\"https:\/\/innsbrucker-bergfuehrer.at\/wp-content\/uploads\/2025\/05\/lawinenkurs-1-edited-1-scaled.jpeg 2560w, https:\/\/innsbrucker-bergfuehrer.at\/wp-content\/uploads\/2025\/05\/lawinenkurs-1-edited-1-scaled-600x400.jpeg 600w, https:\/\/innsbrucker-bergfuehrer.at\/wp-content\/uploads\/2025\/05\/lawinenkurs-1-edited-1-300x200.jpeg 300w, https:\/\/innsbrucker-bergfuehrer.at\/wp-content\/uploads\/2025\/05\/lawinenkurs-1-edited-1-1024x683.jpeg 1024w, https:\/\/innsbrucker-bergfuehrer.at\/wp-content\/uploads\/2025\/05\/lawinenkurs-1-edited-1-768x512.jpeg 768w, https:\/\/innsbrucker-bergfuehrer.at\/wp-content\/uploads\/2025\/05\/lawinenkurs-1-edited-1-1536x1024.jpeg 1536w, https:\/\/innsbrucker-bergfuehrer.at\/wp-content\/uploads\/2025\/05\/lawinenkurs-1-edited-1-2048x1365.jpeg 2048w\" sizes=\"auto, (max-width: 2560px) 100vw, 2560px\" \/><\/figure>\n<\/div>\n\n\n\n<div class=\"wp-block-column is-layout-flow wp-block-column-is-layout-flow\">\n<figure class=\"wp-block-image size-large\"><img loading=\"lazy\" decoding=\"async\" width=\"2560\" height=\"1707\" src=\"https:\/\/innsbrucker-bergfuehrer.at\/wp-content\/uploads\/2025\/05\/image00002-edited-scaled.jpeg\" alt=\"\" class=\"wp-image-568\" style=\"aspect-ratio:16\/9;object-fit:cover\" srcset=\"https:\/\/innsbrucker-bergfuehrer.at\/wp-content\/uploads\/2025\/05\/image00002-edited-scaled.jpeg 2560w, https:\/\/innsbrucker-bergfuehrer.at\/wp-content\/uploads\/2025\/05\/image00002-edited-scaled-600x400.jpeg 600w, https:\/\/innsbrucker-bergfuehrer.at\/wp-content\/uploads\/2025\/05\/image00002-edited-300x200.jpeg 300w, https:\/\/innsbrucker-bergfuehrer.at\/wp-content\/uploads\/2025\/05\/image00002-edited-1024x683.jpeg 1024w, https:\/\/innsbrucker-bergfuehrer.at\/wp-content\/uploads\/2025\/05\/image00002-edited-768x512.jpeg 768w, https:\/\/innsbrucker-bergfuehrer.at\/wp-content\/uploads\/2025\/05\/image00002-edited-1536x1024.jpeg 1536w, https:\/\/innsbrucker-bergfuehrer.at\/wp-content\/uploads\/2025\/05\/image00002-edited-2048x1365.jpeg 2048w\" sizes=\"auto, (max-width: 2560px) 100vw, 2560px\" \/><\/figure>\n<\/div>\n<\/div>\n\n\n\n<div class=\"wp-block-group alignwide has-global-padding is-layout-constrained wp-block-group-is-layout-constrained\">\n<h1 class=\"wp-block-heading alignwide has-text-align-center\">Our Passion is the Mountains<\/h1>\n\n\n\n<p class=\"has-text-align-center\" style=\"margin-top:16px\">Our friendship goes back to our time together in Innsbruck \u2013 that\u2019s also where we completed our training to become certified mountain and ski guides. Years later, fate brought us back together in Patagonia \u2013 more precisely, in El Chalt\u00e9n. As Kurt Albert once said: \u201cPatagonia is like sitting in a refrigerator and burning 100 Deutschmark bills.\u201d It wasn\u2019t quite that extreme \u2013 but during a few rainy days, the idea was born: <em><strong>Innsbruck Mountain Guides<\/strong><\/em>.<\/p>\n\n\n\n<p class=\"has-text-align-center\" style=\"margin-top:16px\">We offer tailor-made tours throughout the entire Alpine region \u2013 with a focus on our home around Innsbruck. Whether you're exploring on your own or as a small group of friends, we\u2019ll put together the perfect tour to match your needs.<\/p>\n<\/div>\n<\/div>\n\n\n\n<div class=\"wp-block-media-text alignwide is-stacked-on-mobile\"><figure class=\"wp-block-media-text__media\"><a href=\"https:\/\/innsbrucker-bergfuehrer.at\/en\/ueber-uns\/lukas-seedoch\/\"><img loading=\"lazy\" decoding=\"async\" width=\"768\" height=\"1024\" src=\"https:\/\/innsbrucker-bergfuehrer.at\/wp-content\/uploads\/2025\/05\/IMG-20221016-WA0001-768x1024.jpg\" alt=\"\" class=\"wp-image-385 size-full\" srcset=\"https:\/\/innsbrucker-bergfuehrer.at\/wp-content\/uploads\/2025\/05\/IMG-20221016-WA0001-768x1024.jpg 768w, https:\/\/innsbrucker-bergfuehrer.at\/wp-content\/uploads\/2025\/05\/IMG-20221016-WA0001-600x800.jpg 600w, https:\/\/innsbrucker-bergfuehrer.at\/wp-content\/uploads\/2025\/05\/IMG-20221016-WA0001-225x300.jpg 225w, https:\/\/innsbrucker-bergfuehrer.at\/wp-content\/uploads\/2025\/05\/IMG-20221016-WA0001-1152x1536.jpg 1152w, https:\/\/innsbrucker-bergfuehrer.at\/wp-content\/uploads\/2025\/05\/IMG-20221016-WA0001.jpg 1536w\" sizes=\"auto, (max-width: 768px) 100vw, 768px\" \/><\/a><\/figure><div class=\"wp-block-media-text__content\">\n<h1 class=\"wp-block-heading\"><a href=\"https:\/\/innsbrucker-bergfuehrer.at\/en\/ueber-uns\/lukas-seedoch\/\" title=\"Lukas Seedoch\">Lukas Seedoch<\/a><\/h1>\n\n\n\n<p>Our \"doctor\"<\/p>\n\n\n\n<p>IFMGA-certified mountain and ski guide <\/p>\n<\/div><\/div>\n\n\n\n<div class=\"wp-block-media-text alignwide has-media-on-the-right is-stacked-on-mobile\"><div class=\"wp-block-media-text__content\">\n<h1 class=\"wp-block-heading\"><a href=\"https:\/\/innsbrucker-bergfuehrer.at\/en\/ueber-uns\/bernhard-ertel\/\" title=\"Bernhard Ertel\">Bernhard Ertel<\/a><\/h1>\n\n\n\n<p>our \"physicist\"<\/p>\n\n\n\n<p>IFMGA-certified mountain and ski guide<\/p>\n<\/div><figure class=\"wp-block-media-text__media\"><a href=\"https:\/\/innsbrucker-bergfuehrer.at\/en\/ueber-uns\/bernhard-ertel\/\"><img loading=\"lazy\" decoding=\"async\" width=\"768\" height=\"1024\" src=\"https:\/\/innsbrucker-bergfuehrer.at\/wp-content\/uploads\/2025\/05\/berni_portrait-1-768x1024.jpeg\" alt=\"\" class=\"wp-image-569 size-full\" srcset=\"https:\/\/innsbrucker-bergfuehrer.at\/wp-content\/uploads\/2025\/05\/berni_portrait-1-768x1024.jpeg 768w, https:\/\/innsbrucker-bergfuehrer.at\/wp-content\/uploads\/2025\/05\/berni_portrait-1-scaled-600x800.jpeg 600w, https:\/\/innsbrucker-bergfuehrer.at\/wp-content\/uploads\/2025\/05\/berni_portrait-1-225x300.jpeg 225w, https:\/\/innsbrucker-bergfuehrer.at\/wp-content\/uploads\/2025\/05\/berni_portrait-1-1152x1536.jpeg 1152w, https:\/\/innsbrucker-bergfuehrer.at\/wp-content\/uploads\/2025\/05\/berni_portrait-1-1536x2048.jpeg 1536w, https:\/\/innsbrucker-bergfuehrer.at\/wp-content\/uploads\/2025\/05\/berni_portrait-1-scaled.jpeg 1920w\" sizes=\"auto, (max-width: 768px) 100vw, 768px\" \/><\/a><\/figure><\/div>\n\n\n\n<div class=\"wp-block-group alignfull has-background is-layout-flow wp-block-group-is-layout-flow\" style=\"background-color:#f5eac1;padding-top:6vw;padding-right:6vw;padding-bottom:6vw;padding-left:6vw\">\n<div class=\"wp-block-group is-vertical is-nowrap is-layout-flex wp-container-core-group-is-layout-36fd9ea3 wp-block-group-is-layout-flex\" style=\"padding-right:0;padding-left:0\">\n<h6 class=\"wp-block-heading has-text-color\" id=\"ecosystem\" style=\"color:#000000;font-size:clamp(14px, 0.875rem + ((1vw - 3.2px) * 0.208), 16px);\">Reisen<\/h6>\n\n\n\n<p class=\"has-text-color\" style=\"color:#000000;font-size:6vw;font-style:normal;font-weight:700;letter-spacing:0px;line-height:0.9;text-decoration:none;text-transform:none\">Patagonia<\/p>\n<\/div>\n\n\n\n<div style=\"height:1vw\" aria-hidden=\"true\" class=\"wp-block-spacer\"><\/div>\n\n\n\n<div class=\"wp-block-group alignwide is-vertical is-nowrap is-layout-flex wp-container-core-group-is-layout-7946b6b8 wp-block-group-is-layout-flex\" style=\"padding-top:0;padding-right:0;padding-bottom:0;padding-left:0\">\n<div class=\"wp-block-columns alignwide is-layout-flex wp-container-core-columns-is-layout-21b20327 wp-block-columns-is-layout-flex\">\n<div class=\"wp-block-column is-layout-flow wp-block-column-is-layout-flow\" style=\"flex-basis:33.38%\">\n<p class=\"has-text-color\" style=\"color:#000000;font-size:clamp(14px, 0.875rem + ((1vw - 3.2px) * 0.313), 17px);\">Patagonien bietet wilde Berge und unvergessliche Momente. Das Wetter ist wild: Innerhalb weniger Stunden kann es von Sonnenschein wechseln zu sturmhaften B\u00f6en.<\/p>\n\n\n\n<p>Wir hatten vor Ort Gl\u00fcck. Gemeinsam konnten wir Gipfel wie Aguja Guillaumet besteigen. Ausserdem gelang beiden eine Besteigung des Fitz Roy &#8211; auch bekannt unter dem Namen Cerro Chalten. Das bedeutet so viel wie der rauchende Berg.<\/p>\n<\/div>\n\n\n\n<div class=\"wp-block-column is-layout-flow wp-block-column-is-layout-flow\" style=\"flex-basis:33%\">\n<div style=\"height:2vw\" aria-hidden=\"true\" class=\"wp-block-spacer\"><\/div>\n\n\n\n<figure class=\"wp-block-image size-large\"><img loading=\"lazy\" decoding=\"async\" width=\"1024\" height=\"769\" src=\"https:\/\/innsbrucker-bergfuehrer.at\/wp-content\/uploads\/2025\/10\/berni-auswahl-2-3-1024x769.jpeg\" alt=\"Berni Ertel klettert Fitz Roy in Patagonien. Aguja Poincenot im Hintergrund.\" class=\"wp-image-1093\" srcset=\"https:\/\/innsbrucker-bergfuehrer.at\/wp-content\/uploads\/2025\/10\/berni-auswahl-2-3-1024x769.jpeg 1024w, https:\/\/innsbrucker-bergfuehrer.at\/wp-content\/uploads\/2025\/10\/berni-auswahl-2-3-300x225.jpeg 300w, https:\/\/innsbrucker-bergfuehrer.at\/wp-content\/uploads\/2025\/10\/berni-auswahl-2-3-768x577.jpeg 768w, https:\/\/innsbrucker-bergfuehrer.at\/wp-content\/uploads\/2025\/10\/berni-auswahl-2-3-1536x1153.jpeg 1536w, https:\/\/innsbrucker-bergfuehrer.at\/wp-content\/uploads\/2025\/10\/berni-auswahl-2-3-2048x1538.jpeg 2048w, https:\/\/innsbrucker-bergfuehrer.at\/wp-content\/uploads\/2025\/10\/berni-auswahl-2-3-16x12.jpeg 16w, https:\/\/innsbrucker-bergfuehrer.at\/wp-content\/uploads\/2025\/10\/berni-auswahl-2-3-600x451.jpeg 600w\" sizes=\"auto, (max-width: 1024px) 100vw, 1024px\" \/><\/figure>\n<\/div>\n\n\n\n<div class=\"wp-block-column is-layout-flow wp-block-column-is-layout-flow\" style=\"flex-basis:33.62%\">\n<figure class=\"wp-block-image size-large\"><img loading=\"lazy\" decoding=\"async\" width=\"768\" height=\"1024\" src=\"https:\/\/innsbrucker-bergfuehrer.at\/wp-content\/uploads\/2025\/10\/berni-auswahl-2-7-768x1024.jpeg\" alt=\"\" class=\"wp-image-1097\" srcset=\"https:\/\/innsbrucker-bergfuehrer.at\/wp-content\/uploads\/2025\/10\/berni-auswahl-2-7-768x1024.jpeg 768w, https:\/\/innsbrucker-bergfuehrer.at\/wp-content\/uploads\/2025\/10\/berni-auswahl-2-7-225x300.jpeg 225w, https:\/\/innsbrucker-bergfuehrer.at\/wp-content\/uploads\/2025\/10\/berni-auswahl-2-7-1152x1536.jpeg 1152w, https:\/\/innsbrucker-bergfuehrer.at\/wp-content\/uploads\/2025\/10\/berni-auswahl-2-7-1536x2048.jpeg 1536w, https:\/\/innsbrucker-bergfuehrer.at\/wp-content\/uploads\/2025\/10\/berni-auswahl-2-7-9x12.jpeg 9w, https:\/\/innsbrucker-bergfuehrer.at\/wp-content\/uploads\/2025\/10\/berni-auswahl-2-7-600x800.jpeg 600w, https:\/\/innsbrucker-bergfuehrer.at\/wp-content\/uploads\/2025\/10\/berni-auswahl-2-7-scaled.jpeg 1920w\" sizes=\"auto, (max-width: 768px) 100vw, 768px\" \/><\/figure>\n<\/div>\n<\/div>\n\n\n\n<div class=\"wp-block-columns alignwide is-layout-flex wp-container-core-columns-is-layout-c24efe4f wp-block-columns-is-layout-flex\">\n<div class=\"wp-block-column is-layout-flow wp-block-column-is-layout-flow\" style=\"flex-basis:69%\">\n<figure class=\"wp-block-image size-large\"><img loading=\"lazy\" decoding=\"async\" width=\"1024\" height=\"768\" src=\"https:\/\/innsbrucker-bergfuehrer.at\/wp-content\/uploads\/2025\/10\/berni-auswahl-2-6-1024x768.jpeg\" alt=\"\" class=\"wp-image-1096\" srcset=\"https:\/\/innsbrucker-bergfuehrer.at\/wp-content\/uploads\/2025\/10\/berni-auswahl-2-6-1024x768.jpeg 1024w, https:\/\/innsbrucker-bergfuehrer.at\/wp-content\/uploads\/2025\/10\/berni-auswahl-2-6-300x225.jpeg 300w, https:\/\/innsbrucker-bergfuehrer.at\/wp-content\/uploads\/2025\/10\/berni-auswahl-2-6-768x576.jpeg 768w, https:\/\/innsbrucker-bergfuehrer.at\/wp-content\/uploads\/2025\/10\/berni-auswahl-2-6-1536x1152.jpeg 1536w, https:\/\/innsbrucker-bergfuehrer.at\/wp-content\/uploads\/2025\/10\/berni-auswahl-2-6-2048x1536.jpeg 2048w, https:\/\/innsbrucker-bergfuehrer.at\/wp-content\/uploads\/2025\/10\/berni-auswahl-2-6-16x12.jpeg 16w, https:\/\/innsbrucker-bergfuehrer.at\/wp-content\/uploads\/2025\/10\/berni-auswahl-2-6-600x450.jpeg 600w\" sizes=\"auto, (max-width: 1024px) 100vw, 1024px\" \/><\/figure>\n<\/div>\n\n\n\n<div class=\"wp-block-column is-vertically-aligned-center is-layout-flow wp-block-column-is-layout-flow\" style=\"flex-basis:33%\">\n<div style=\"height:2vw\" aria-hidden=\"true\" class=\"wp-block-spacer\"><\/div>\n\n\n\n<p class=\"has-text-color\" style=\"color:#000000;font-size:clamp(14px, 0.875rem + ((1vw - 3.2px) * 0.313), 17px);\">Die Fitz-Roy-Kette in Patagonien tr\u00e4gt ihren Namen nach Kapit\u00e4n Robert FitzRoy, der die Region im 19.\u202fJahrhundert kartografierte. Der ber\u00fchmte Monte Fitz Roy selbst ist nach ihm benannt, doch die umliegenden Gipfel erz\u00e4hlen ihre eigenen Geschichten. Einige tragen Namen ber\u00fchmter Pioniere der Luftfahrt: So erinnert der Gipfel St.\u202fExup\u00e9ry an den Schriftsteller und Flieger Antoine de Saint-Exup\u00e9ry, Mermoz ehrt den franz\u00f6sischen Flieger Jean Mermoz, und Guillamet ist nach einem der ersten, die diese steilen W\u00e4nde bezwangen, benannt.<\/p>\n<\/div>\n<\/div>\n<\/div>\n<\/div>","protected":false},"excerpt":{"rendered":"<p>Unsere Leidenschaft sind die Berge Unsere Freundschaft reicht zur\u00fcck bis in die gemeinsame Zeit in Innsbruck \u2013 dort haben wir auch zusammen die Ausbildung zum staatlich gepr\u00fcften Berg- und Skif\u00fchrer gemacht. Jahre sp\u00e4ter hat uns der Zufall in Patagonien wieder zusammengef\u00fchrt \u2013 genauer gesagt in El Chalt\u00e9n. Wie schon Kurt Albert meinte: \u201ePatagonien ist wie [&hellip;]<\/p>\n","protected":false},"author":1,"featured_media":0,"parent":0,"menu_order":0,"comment_status":"closed","ping_status":"closed","template":"","meta":{"footnotes":""},"class_list":["post-240","page","type-page","status-publish","hentry"],"_links":{"self":[{"href":"https:\/\/innsbrucker-bergfuehrer.at\/en\/wp-json\/wp\/v2\/pages\/240","targetHints":{"allow":["GET"]}}],"collection":[{"href":"https:\/\/innsbrucker-bergfuehrer.at\/en\/wp-json\/wp\/v2\/pages"}],"about":[{"href":"https:\/\/innsbrucker-bergfuehrer.at\/en\/wp-json\/wp\/v2\/types\/page"}],"author":[{"embeddable":true,"href":"https:\/\/innsbrucker-bergfuehrer.at\/en\/wp-json\/wp\/v2\/users\/1"}],"replies":[{"embeddable":true,"href":"https:\/\/innsbrucker-bergfuehrer.at\/en\/wp-json\/wp\/v2\/comments?post=240"}],"version-history":[{"count":12,"href":"https:\/\/innsbrucker-bergfuehrer.at\/en\/wp-json\/wp\/v2\/pages\/240\/revisions"}],"predecessor-version":[{"id":3307,"href":"https:\/\/innsbrucker-bergfuehrer.at\/en\/wp-json\/wp\/v2\/pages\/240\/revisions\/3307"}],"wp:attachment":[{"href":"https:\/\/innsbrucker-bergfuehrer.at\/en\/wp-json\/wp\/v2\/media?parent=240"}],"curies":[{"name":"wp","href":"https:\/\/api.w.org\/{rel}","templated":true}]}}