{"id":585,"date":"2025-05-04T19:54:07","date_gmt":"2025-05-04T19:54:07","guid":{"rendered":"https:\/\/innsbrucker-bergfuehrer.at\/?page_id=585"},"modified":"2026-01-13T14:48:48","modified_gmt":"2026-01-13T14:48:48","slug":"berni-ertel","status":"publish","type":"page","link":"https:\/\/innsbrucker-bergfuehrer.at\/en\/ueber-uns\/berni-ertel\/","title":{"rendered":"Berni Ertel"},"content":{"rendered":"<div class=\"wp-block-group alignfull has-foreground-background-color has-background has-global-padding is-layout-constrained wp-block-group-is-layout-constrained\" style=\"margin-top:0;margin-bottom:0;padding-top:0;padding-bottom:0\">\n<div class=\"wp-block-group alignwide has-global-padding is-layout-constrained wp-block-group-is-layout-constrained\" style=\"padding-top:var(--wp--preset--spacing--30);padding-bottom:var(--wp--preset--spacing--30)\">\n<h1 class=\"wp-block-heading alignwide has-text-align-center has-background-color has-text-color\" style=\"font-size:clamp(0.875rem, 0.875rem + ((1vw - 0.2rem) * 0.625), 1.25rem);\">Berni Ertel<\/h1>\n<\/div>\n<\/div>\n\n\n\n<figure class=\"wp-block-image alignwide size-large\"><img loading=\"lazy\" decoding=\"async\" width=\"2560\" height=\"1920\" src=\"https:\/\/innsbrucker-bergfuehrer.at\/wp-content\/uploads\/2025\/05\/berni_portrait-4-1-edited-scaled.jpeg\" alt=\"\" class=\"wp-image-588\" srcset=\"https:\/\/innsbrucker-bergfuehrer.at\/wp-content\/uploads\/2025\/05\/berni_portrait-4-1-edited-scaled.jpeg 2560w, https:\/\/innsbrucker-bergfuehrer.at\/wp-content\/uploads\/2025\/05\/berni_portrait-4-1-edited-scaled-600x450.jpeg 600w, https:\/\/innsbrucker-bergfuehrer.at\/wp-content\/uploads\/2025\/05\/berni_portrait-4-1-edited-300x225.jpeg 300w, https:\/\/innsbrucker-bergfuehrer.at\/wp-content\/uploads\/2025\/05\/berni_portrait-4-1-edited-1024x768.jpeg 1024w, https:\/\/innsbrucker-bergfuehrer.at\/wp-content\/uploads\/2025\/05\/berni_portrait-4-1-edited-768x576.jpeg 768w, https:\/\/innsbrucker-bergfuehrer.at\/wp-content\/uploads\/2025\/05\/berni_portrait-4-1-edited-1536x1152.jpeg 1536w, https:\/\/innsbrucker-bergfuehrer.at\/wp-content\/uploads\/2025\/05\/berni_portrait-4-1-edited-2048x1536.jpeg 2048w\" sizes=\"auto, (max-width: 2560px) 100vw, 2560px\" \/><\/figure>\n\n\n\n<div class=\"wp-block-group alignfull has-tertiary-background-color has-background has-global-padding is-layout-constrained wp-container-core-group-is-layout-fb85e995 wp-block-group-is-layout-constrained\" style=\"margin-top:0;margin-bottom:0;padding-top:var(--wp--preset--spacing--60);padding-right:var(--wp--preset--spacing--30);padding-bottom:var(--wp--preset--spacing--60);padding-left:var(--wp--preset--spacing--30)\">\n<h2 class=\"wp-block-heading alignwide has-text-align-center has-large-font-size\">IFMGA Mountain Guide<br>Born 1994<br>studied physics at University of Innsbruck<\/h2>\n\n\n\n<blockquote class=\"wp-block-quote is-layout-flow wp-block-quote-is-layout-flow\">\n<p>It is my privilege to share my passion with you. The mountains are a place of power for me \u2013 a place where you can feel your own limits and where you are able to grow. It makes me happy to share unforgettable moments. It is my pleasure to make your adventure safe and turn your days in the mountains into beautiful memories.<\/p>\n<\/blockquote>\n\n\n\n<figure class=\"wp-block-gallery alignwide has-nested-images columns-default is-cropped wp-block-gallery-1 is-layout-flex wp-block-gallery-is-layout-flex\">\n<figure class=\"wp-block-image size-full\"><img loading=\"lazy\" decoding=\"async\" width=\"1920\" height=\"2560\" data-id=\"590\" src=\"https:\/\/innsbrucker-bergfuehrer.at\/wp-content\/uploads\/2025\/05\/berni_portrait-1-1-scaled.jpeg\" alt=\"\" class=\"wp-image-590\" style=\"aspect-ratio:3\/4;object-fit:cover\" srcset=\"https:\/\/innsbrucker-bergfuehrer.at\/wp-content\/uploads\/2025\/05\/berni_portrait-1-1-scaled.jpeg 1920w, https:\/\/innsbrucker-bergfuehrer.at\/wp-content\/uploads\/2025\/05\/berni_portrait-1-1-scaled-600x800.jpeg 600w, https:\/\/innsbrucker-bergfuehrer.at\/wp-content\/uploads\/2025\/05\/berni_portrait-1-1-225x300.jpeg 225w, https:\/\/innsbrucker-bergfuehrer.at\/wp-content\/uploads\/2025\/05\/berni_portrait-1-1-768x1024.jpeg 768w, https:\/\/innsbrucker-bergfuehrer.at\/wp-content\/uploads\/2025\/05\/berni_portrait-1-1-1152x1536.jpeg 1152w, https:\/\/innsbrucker-bergfuehrer.at\/wp-content\/uploads\/2025\/05\/berni_portrait-1-1-1536x2048.jpeg 1536w\" sizes=\"auto, (max-width: 1920px) 100vw, 1920px\" \/><\/figure>\n\n\n\n<figure class=\"wp-block-image size-large\"><img loading=\"lazy\" decoding=\"async\" width=\"768\" height=\"1024\" data-id=\"589\" src=\"https:\/\/innsbrucker-bergfuehrer.at\/wp-content\/uploads\/2025\/05\/berni_portrait-1-4-768x1024.jpeg\" alt=\"\" class=\"wp-image-589\" style=\"aspect-ratio:3\/4;object-fit:cover\" srcset=\"https:\/\/innsbrucker-bergfuehrer.at\/wp-content\/uploads\/2025\/05\/berni_portrait-1-4-768x1024.jpeg 768w, https:\/\/innsbrucker-bergfuehrer.at\/wp-content\/uploads\/2025\/05\/berni_portrait-1-4-scaled-600x800.jpeg 600w, https:\/\/innsbrucker-bergfuehrer.at\/wp-content\/uploads\/2025\/05\/berni_portrait-1-4-225x300.jpeg 225w, https:\/\/innsbrucker-bergfuehrer.at\/wp-content\/uploads\/2025\/05\/berni_portrait-1-4-1152x1536.jpeg 1152w, https:\/\/innsbrucker-bergfuehrer.at\/wp-content\/uploads\/2025\/05\/berni_portrait-1-4-1536x2048.jpeg 1536w, https:\/\/innsbrucker-bergfuehrer.at\/wp-content\/uploads\/2025\/05\/berni_portrait-1-4-scaled.jpeg 1920w\" sizes=\"auto, (max-width: 768px) 100vw, 768px\" \/><\/figure>\n\n\n\n<figure class=\"wp-block-image size-large\"><img loading=\"lazy\" decoding=\"async\" width=\"683\" height=\"1024\" data-id=\"591\" src=\"https:\/\/innsbrucker-bergfuehrer.at\/wp-content\/uploads\/2025\/05\/berni_portrait-1-5-683x1024.jpeg\" alt=\"\" class=\"wp-image-591\" style=\"aspect-ratio:3\/4;object-fit:cover\" srcset=\"https:\/\/innsbrucker-bergfuehrer.at\/wp-content\/uploads\/2025\/05\/berni_portrait-1-5-683x1024.jpeg 683w, https:\/\/innsbrucker-bergfuehrer.at\/wp-content\/uploads\/2025\/05\/berni_portrait-1-5-scaled-600x900.jpeg 600w, https:\/\/innsbrucker-bergfuehrer.at\/wp-content\/uploads\/2025\/05\/berni_portrait-1-5-200x300.jpeg 200w, https:\/\/innsbrucker-bergfuehrer.at\/wp-content\/uploads\/2025\/05\/berni_portrait-1-5-768x1152.jpeg 768w, https:\/\/innsbrucker-bergfuehrer.at\/wp-content\/uploads\/2025\/05\/berni_portrait-1-5-1024x1536.jpeg 1024w, https:\/\/innsbrucker-bergfuehrer.at\/wp-content\/uploads\/2025\/05\/berni_portrait-1-5-1365x2048.jpeg 1365w, https:\/\/innsbrucker-bergfuehrer.at\/wp-content\/uploads\/2025\/05\/berni_portrait-1-5-scaled.jpeg 1706w\" sizes=\"auto, (max-width: 683px) 100vw, 683px\" \/><\/figure>\n<\/figure>\n\n\n\n<blockquote class=\"wp-block-quote is-layout-flow wp-block-quote-is-layout-flow\">\n<p><strong>Coming from plastic to the rock<\/strong><\/p>\n\n\n\n<p>As a young boy I was fascinated by rock climbing in an instance. During my childhood I took part in competitions and had big joy in training others.<\/p>\n\n\n\n<p>During my physics and computer science studies in Innsbruck I developed a love for big walls. I was attracted by destinations all over: I went on expedition to Shivling (6543m) in India and to El Capitan in Yosemite Valley. I love it to test out my own limits.<\/p>\n<\/blockquote>\n\n\n\n<figure class=\"wp-block-gallery alignwide has-nested-images columns-default is-cropped wp-block-gallery-2 is-layout-flex wp-block-gallery-is-layout-flex\">\n<figure class=\"wp-block-image size-full\"><img loading=\"lazy\" decoding=\"async\" width=\"1920\" height=\"2560\" data-id=\"592\" src=\"https:\/\/innsbrucker-bergfuehrer.at\/wp-content\/uploads\/2025\/05\/berni_portrait-1-2-scaled.jpeg\" alt=\"\" class=\"wp-image-592\" style=\"aspect-ratio:3\/4;object-fit:cover\" srcset=\"https:\/\/innsbrucker-bergfuehrer.at\/wp-content\/uploads\/2025\/05\/berni_portrait-1-2-scaled.jpeg 1920w, https:\/\/innsbrucker-bergfuehrer.at\/wp-content\/uploads\/2025\/05\/berni_portrait-1-2-scaled-600x800.jpeg 600w, https:\/\/innsbrucker-bergfuehrer.at\/wp-content\/uploads\/2025\/05\/berni_portrait-1-2-225x300.jpeg 225w, https:\/\/innsbrucker-bergfuehrer.at\/wp-content\/uploads\/2025\/05\/berni_portrait-1-2-768x1024.jpeg 768w, https:\/\/innsbrucker-bergfuehrer.at\/wp-content\/uploads\/2025\/05\/berni_portrait-1-2-1152x1536.jpeg 1152w, https:\/\/innsbrucker-bergfuehrer.at\/wp-content\/uploads\/2025\/05\/berni_portrait-1-2-1536x2048.jpeg 1536w\" sizes=\"auto, (max-width: 1920px) 100vw, 1920px\" \/><\/figure>\n\n\n\n<figure class=\"wp-block-image size-large\"><img loading=\"lazy\" decoding=\"async\" width=\"712\" height=\"1024\" data-id=\"593\" src=\"https:\/\/innsbrucker-bergfuehrer.at\/wp-content\/uploads\/2025\/05\/berni_portrait-1-3-712x1024.jpeg\" alt=\"\" class=\"wp-image-593\" style=\"aspect-ratio:3\/4;object-fit:cover\" srcset=\"https:\/\/innsbrucker-bergfuehrer.at\/wp-content\/uploads\/2025\/05\/berni_portrait-1-3-712x1024.jpeg 712w, https:\/\/innsbrucker-bergfuehrer.at\/wp-content\/uploads\/2025\/05\/berni_portrait-1-3-scaled-600x862.jpeg 600w, https:\/\/innsbrucker-bergfuehrer.at\/wp-content\/uploads\/2025\/05\/berni_portrait-1-3-209x300.jpeg 209w, https:\/\/innsbrucker-bergfuehrer.at\/wp-content\/uploads\/2025\/05\/berni_portrait-1-3-768x1104.jpeg 768w, https:\/\/innsbrucker-bergfuehrer.at\/wp-content\/uploads\/2025\/05\/berni_portrait-1-3-1068x1536.jpeg 1068w, https:\/\/innsbrucker-bergfuehrer.at\/wp-content\/uploads\/2025\/05\/berni_portrait-1-3-1424x2048.jpeg 1424w, https:\/\/innsbrucker-bergfuehrer.at\/wp-content\/uploads\/2025\/05\/berni_portrait-1-3-scaled.jpeg 1781w\" sizes=\"auto, (max-width: 712px) 100vw, 712px\" \/><\/figure>\n\n\n\n<figure class=\"wp-block-image size-large\"><img loading=\"lazy\" decoding=\"async\" width=\"1024\" height=\"768\" data-id=\"594\" src=\"https:\/\/innsbrucker-bergfuehrer.at\/wp-content\/uploads\/2025\/05\/berni_portrait-4-1024x768.jpeg\" alt=\"\" class=\"wp-image-594\" style=\"aspect-ratio:3\/4;object-fit:cover\" srcset=\"https:\/\/innsbrucker-bergfuehrer.at\/wp-content\/uploads\/2025\/05\/berni_portrait-4-1024x768.jpeg 1024w, https:\/\/innsbrucker-bergfuehrer.at\/wp-content\/uploads\/2025\/05\/berni_portrait-4-600x450.jpeg 600w, https:\/\/innsbrucker-bergfuehrer.at\/wp-content\/uploads\/2025\/05\/berni_portrait-4-300x225.jpeg 300w, https:\/\/innsbrucker-bergfuehrer.at\/wp-content\/uploads\/2025\/05\/berni_portrait-4-768x576.jpeg 768w, https:\/\/innsbrucker-bergfuehrer.at\/wp-content\/uploads\/2025\/05\/berni_portrait-4-1536x1152.jpeg 1536w, https:\/\/innsbrucker-bergfuehrer.at\/wp-content\/uploads\/2025\/05\/berni_portrait-4.jpeg 1600w\" sizes=\"auto, (max-width: 1024px) 100vw, 1024px\" \/><\/figure>\n<\/figure>\n\n\n\n<blockquote class=\"wp-block-quote is-layout-flow wp-block-quote-is-layout-flow\">\n<p><strong>Alpine Highlights<\/strong><\/p>\n\n\n\n<p><strong>Patagonia<\/strong> \u2013 Climbing <em>Fitz Roy<\/em><\/p>\n\n\n\n<p><strong>Yosemite Valley<\/strong> \u2013 Free Climbing Freerider <\/p>\n\n\n\n<p><strong>Rock climbing up to 8b and 8a onsight<\/strong><\/p>\n\n\n\n<p><strong>Peuterey Integral<\/strong> \u2013 Mont Blanc<\/p>\n\n\n\n<p><strong>India<\/strong> \u2013 expedition to Shivling (6543m) as part of the german expedition team<\/p>\n\n\n\n<p><strong>Cima grande<\/strong> \u2013 Phantom der Zinne<\/p>\n\n\n\n<p><strong>Wendenst\u00f6cke<\/strong> \u2013 Cleopatra<\/p>\n<\/blockquote>\n<\/div>","protected":false},"excerpt":{"rendered":"<p>Berni Ertel Staatlich. Gepr\u00fcfter Berg- und Skif\u00fchrer \/ IFMGA Mountain GuideGeb. 1994studierte Physik Es ist f\u00fcr mich ein gro\u00dfes Privileg, meine Leidenschaft mit anderen teilen zu d\u00fcrfen. Die Berge sind f\u00fcr mich ein Ort der Kraft \u2013 ein Raum, in dem man die eigenen Grenzen sp\u00fcren und \u00fcber sich hinauswachsen kann. Es erf\u00fcllt mich mit [&hellip;]<\/p>\n","protected":false},"author":1,"featured_media":1126,"parent":240,"menu_order":0,"comment_status":"closed","ping_status":"closed","template":"no-title","meta":{"footnotes":""},"class_list":["post-585","page","type-page","status-publish","has-post-thumbnail","hentry"],"_links":{"self":[{"href":"https:\/\/innsbrucker-bergfuehrer.at\/en\/wp-json\/wp\/v2\/pages\/585","targetHints":{"allow":["GET"]}}],"collection":[{"href":"https:\/\/innsbrucker-bergfuehrer.at\/en\/wp-json\/wp\/v2\/pages"}],"about":[{"href":"https:\/\/innsbrucker-bergfuehrer.at\/en\/wp-json\/wp\/v2\/types\/page"}],"author":[{"embeddable":true,"href":"https:\/\/innsbrucker-bergfuehrer.at\/en\/wp-json\/wp\/v2\/users\/1"}],"replies":[{"embeddable":true,"href":"https:\/\/innsbrucker-bergfuehrer.at\/en\/wp-json\/wp\/v2\/comments?post=585"}],"version-history":[{"count":9,"href":"https:\/\/innsbrucker-bergfuehrer.at\/en\/wp-json\/wp\/v2\/pages\/585\/revisions"}],"predecessor-version":[{"id":3123,"href":"https:\/\/innsbrucker-bergfuehrer.at\/en\/wp-json\/wp\/v2\/pages\/585\/revisions\/3123"}],"up":[{"embeddable":true,"href":"https:\/\/innsbrucker-bergfuehrer.at\/en\/wp-json\/wp\/v2\/pages\/240"}],"wp:featuredmedia":[{"embeddable":true,"href":"https:\/\/innsbrucker-bergfuehrer.at\/en\/wp-json\/wp\/v2\/media\/1126"}],"wp:attachment":[{"href":"https:\/\/innsbrucker-bergfuehrer.at\/en\/wp-json\/wp\/v2\/media?parent=585"}],"curies":[{"name":"wp","href":"https:\/\/api.w.org\/{rel}","templated":true}]}}