{"id":868,"date":"2025-06-18T14:19:59","date_gmt":"2025-06-18T14:19:59","guid":{"rendered":"https:\/\/innsbrucker-bergfuehrer.at\/newsletter\/"},"modified":"2025-11-25T12:03:24","modified_gmt":"2025-11-25T12:03:24","slug":"tourenmail","status":"publish","type":"page","link":"https:\/\/innsbrucker-bergfuehrer.at\/en\/tourenmail\/","title":{"rendered":"Tourenmail"},"content":{"rendered":"<div class=\"wp-block-cover alignfull is-light has-parallax wp-duotone-unset-1\" style=\"margin-top:0;padding-top:48px;padding-right:48px;padding-bottom:48px;padding-left:48px;min-height:486px;aspect-ratio:unset;\"><div role=\"img\" aria-label=\"Drei Skitourengeher vor sch\u00f6nem Panorama. Foto von Thomas M\u00e4rz\" class=\"wp-block-cover__image-background wp-image-2557 size-full has-parallax\" style=\"background-position:50% 50%;background-image:url(https:\/\/innsbrucker-bergfuehrer.at\/wp-content\/uploads\/2025\/11\/2022-04-29-07-57-Uhr-Tour-du-Ciel-scaled.jpg)\"><\/div><span aria-hidden=\"true\" class=\"wp-block-cover__background has-background-dim-20 has-background-dim\" style=\"background-color:#919fb9\"><\/span><div class=\"wp-block-cover__inner-container is-layout-flow wp-block-cover-is-layout-flow\">\n<h1 class=\"wp-block-heading has-text-align-center has-tertiary-color has-text-color has-link-color wp-elements-b45fa416db2050041ae9623efff26133\" style=\"text-transform:uppercase\">Tourenmail<\/h1>\n\n\n\n<div class=\"wp-block-group has-global-padding is-content-justification-left is-layout-constrained wp-container-core-group-is-layout-0b562c1c wp-block-group-is-layout-constrained\"><\/div>\n\n\n\n<div style=\"height:72px\" aria-hidden=\"true\" class=\"wp-block-spacer\"><\/div>\n\n\n\n<h2 class=\"wp-block-heading has-text-align-center has-tertiary-color has-text-color has-link-color wp-elements-b4d095c19a51fad53f54a8309e47480e\" style=\"text-transform:uppercase\">und Warum&#8230;?<\/h2>\n<\/div><\/div>\n\n\n\n<div class=\"wp-block-columns is-layout-flex wp-container-core-columns-is-layout-28f84493 wp-block-columns-is-layout-flex\">\n<div class=\"wp-block-column is-layout-flow wp-block-column-is-layout-flow\" style=\"flex-basis:100%\">\n<h2 class=\"wp-block-heading has-text-align-center\">&#8230;darum!<\/h2>\n<\/div>\n<\/div>\n\n\n\n<figure class=\"wp-block-gallery alignwide has-nested-images columns-default is-cropped wp-block-gallery-2 is-layout-flex wp-block-gallery-is-layout-flex\">\n<figure class=\"wp-block-image size-large\"><img loading=\"lazy\" decoding=\"async\" width=\"1024\" height=\"683\" data-id=\"2556\" src=\"https:\/\/innsbrucker-bergfuehrer.at\/wp-content\/uploads\/2025\/11\/2023-03-kolmsaigurn-patagonia-simon-schoepf-185-1-1024x683.jpg\" alt=\"Kolm Saigurn Ammererhof mit Patagonia und Lena Stoffel, Leah Evans, Michael Butschek (LWD Salzburg)\" class=\"wp-image-2556\" srcset=\"https:\/\/innsbrucker-bergfuehrer.at\/wp-content\/uploads\/2025\/11\/2023-03-kolmsaigurn-patagonia-simon-schoepf-185-1-1024x683.jpg 1024w, https:\/\/innsbrucker-bergfuehrer.at\/wp-content\/uploads\/2025\/11\/2023-03-kolmsaigurn-patagonia-simon-schoepf-185-1-300x200.jpg 300w, https:\/\/innsbrucker-bergfuehrer.at\/wp-content\/uploads\/2025\/11\/2023-03-kolmsaigurn-patagonia-simon-schoepf-185-1-768x512.jpg 768w, https:\/\/innsbrucker-bergfuehrer.at\/wp-content\/uploads\/2025\/11\/2023-03-kolmsaigurn-patagonia-simon-schoepf-185-1-1536x1024.jpg 1536w, https:\/\/innsbrucker-bergfuehrer.at\/wp-content\/uploads\/2025\/11\/2023-03-kolmsaigurn-patagonia-simon-schoepf-185-1-2048x1365.jpg 2048w, https:\/\/innsbrucker-bergfuehrer.at\/wp-content\/uploads\/2025\/11\/2023-03-kolmsaigurn-patagonia-simon-schoepf-185-1-18x12.jpg 18w, https:\/\/innsbrucker-bergfuehrer.at\/wp-content\/uploads\/2025\/11\/2023-03-kolmsaigurn-patagonia-simon-schoepf-185-1-600x400.jpg 600w\" sizes=\"auto, (max-width: 1024px) 100vw, 1024px\" \/><\/figure>\n\n\n\n<figure class=\"wp-block-image size-large\"><img loading=\"lazy\" decoding=\"async\" width=\"683\" height=\"1024\" data-id=\"1625\" src=\"https:\/\/innsbrucker-bergfuehrer.at\/wp-content\/uploads\/2025\/11\/2022-04-07-08-42-Uhr-Silvretta-683x1024.jpg\" alt=\"Gruppe von Skitourengehern in unber\u00fchrter Winterlandschaft\" class=\"wp-image-1625\" srcset=\"https:\/\/innsbrucker-bergfuehrer.at\/wp-content\/uploads\/2025\/11\/2022-04-07-08-42-Uhr-Silvretta-683x1024.jpg 683w, https:\/\/innsbrucker-bergfuehrer.at\/wp-content\/uploads\/2025\/11\/2022-04-07-08-42-Uhr-Silvretta-200x300.jpg 200w, https:\/\/innsbrucker-bergfuehrer.at\/wp-content\/uploads\/2025\/11\/2022-04-07-08-42-Uhr-Silvretta-768x1152.jpg 768w, https:\/\/innsbrucker-bergfuehrer.at\/wp-content\/uploads\/2025\/11\/2022-04-07-08-42-Uhr-Silvretta-1024x1536.jpg 1024w, https:\/\/innsbrucker-bergfuehrer.at\/wp-content\/uploads\/2025\/11\/2022-04-07-08-42-Uhr-Silvretta-1365x2048.jpg 1365w, https:\/\/innsbrucker-bergfuehrer.at\/wp-content\/uploads\/2025\/11\/2022-04-07-08-42-Uhr-Silvretta-8x12.jpg 8w, https:\/\/innsbrucker-bergfuehrer.at\/wp-content\/uploads\/2025\/11\/2022-04-07-08-42-Uhr-Silvretta-600x900.jpg 600w, https:\/\/innsbrucker-bergfuehrer.at\/wp-content\/uploads\/2025\/11\/2022-04-07-08-42-Uhr-Silvretta-scaled.jpg 1707w\" sizes=\"auto, (max-width: 683px) 100vw, 683px\" \/><\/figure>\n\n\n\n<figure class=\"wp-block-image size-large\"><img loading=\"lazy\" decoding=\"async\" width=\"1024\" height=\"683\" data-id=\"1338\" src=\"https:\/\/innsbrucker-bergfuehrer.at\/wp-content\/uploads\/2025\/11\/2022-02-amberger-schoepf-73-1024x683.jpg\" alt=\"Ampferstein\" class=\"wp-image-1338\" srcset=\"https:\/\/innsbrucker-bergfuehrer.at\/wp-content\/uploads\/2025\/11\/2022-02-amberger-schoepf-73-1024x683.jpg 1024w, https:\/\/innsbrucker-bergfuehrer.at\/wp-content\/uploads\/2025\/11\/2022-02-amberger-schoepf-73-300x200.jpg 300w, https:\/\/innsbrucker-bergfuehrer.at\/wp-content\/uploads\/2025\/11\/2022-02-amberger-schoepf-73-768x512.jpg 768w, https:\/\/innsbrucker-bergfuehrer.at\/wp-content\/uploads\/2025\/11\/2022-02-amberger-schoepf-73-1536x1024.jpg 1536w, https:\/\/innsbrucker-bergfuehrer.at\/wp-content\/uploads\/2025\/11\/2022-02-amberger-schoepf-73-2048x1365.jpg 2048w, https:\/\/innsbrucker-bergfuehrer.at\/wp-content\/uploads\/2025\/11\/2022-02-amberger-schoepf-73-18x12.jpg 18w, https:\/\/innsbrucker-bergfuehrer.at\/wp-content\/uploads\/2025\/11\/2022-02-amberger-schoepf-73-600x400.jpg 600w\" sizes=\"auto, (max-width: 1024px) 100vw, 1024px\" \/><\/figure>\n<\/figure>\n\n\n\n<p class=\"has-text-align-center\">Wir sind am liebsten spontan unterwegs. Gib uns deine Mail und wir melden uns wenn die Bedingungen gut sind<\/p>\n\n\n\n<p class=\"has-text-align-center\">&#8230;weil sich durchdachte Planung angepasst an die Bedingungen auszahlt<\/p>\n\n\n\n<p class=\"has-text-align-center\">&#8230;weil wir es lieben bei guten Bedingungen unterwegs zu sein<\/p>\n\n\n\n<p class=\"has-text-align-center\">&#8230;weil wir Pulverschnee lieben<\/p>\n\n\n\n<p class=\"has-text-align-center\">&#8230;weil es einfach Sinn macht!<\/p>\n\n\n\n<p class=\"has-text-align-center\"><strong>Spontantouren<\/strong> werden immer zuerst per Mail ver\u00f6ffentlicht. Erst im n\u00e4chsten Schritt ver\u00f6ffentlichen wir auf Social Media.<\/p>\n\n\n<div class=\"tnp tnp-subscription\">\n<form method=\"post\" action=\"https:\/\/innsbrucker-bergfuehrer.at\/wp-admin\/admin-ajax.php?action=tnp&amp;na=s\">\n<input type=\"hidden\" name=\"nlang\" value=\"\">\n<div class=\"tnp-field tnp-field-email\"><label for=\"tnp-1\">Email<\/label>\n<input class=\"tnp-email\" type=\"email\" name=\"ne\" id=\"tnp-1\" value=\"\" placeholder=\"\" required><\/div>\n<div class=\"tnp-field tnp-lists\"><div class=\"tnp-field tnp-field-checkbox tnp-field-list\"><label for=\"nl3\"><input type=\"checkbox\" id=\"nl3\" name=\"nl[]\" value=\"1\"> Skitouren<\/label><\/div>\n<div class=\"tnp-field tnp-field-checkbox tnp-field-list\"><label for=\"nl4\"><input type=\"checkbox\" id=\"nl4\" name=\"nl[]\" value=\"2\"> Freeride<\/label><\/div>\n<div class=\"tnp-field tnp-field-checkbox tnp-field-list\"><label for=\"nl5\"><input type=\"checkbox\" id=\"nl5\" name=\"nl[]\" value=\"3\"> Kletterferien<\/label><\/div>\n<div class=\"tnp-field tnp-field-checkbox tnp-field-list\"><label for=\"nl6\"><input type=\"checkbox\" id=\"nl6\" name=\"nl[]\" value=\"4\"> Mountaineering<\/label><\/div>\n<div class=\"tnp-field tnp-field-checkbox tnp-field-list\"><label for=\"nl7\"><input type=\"checkbox\" id=\"nl7\" name=\"nl[]\" value=\"5\"> Winterkurse<\/label><\/div>\n<div class=\"tnp-field tnp-field-checkbox tnp-field-list\"><label for=\"nl8\"><input type=\"checkbox\" id=\"nl8\" name=\"nl[]\" value=\"6\"> Sommerkurse<\/label><\/div>\n<\/div><div class=\"tnp-field tnp-privacy-field\"><label><input type=\"checkbox\" name=\"ny\" required class=\"tnp-privacy\"> <a target=\"_blank\" href=\"https:\/\/innsbrucker-bergfuehrer.at\/en\/impressum\/#datenschutz\">I accept the privacy policy<\/a><\/label><\/div><div class=\"tnp-field tnp-field-button\" style=\"text-align: left\"><input class=\"tnp-submit\" type=\"submit\" value=\"Subscribe\" style=\"\">\n<\/div>\n<\/form>\n<\/div>\n\n\n\n\n<p>Genug Powder und guten Fels gehabt?<\/p>\n\n\n\n\n\n\n<p><\/p>","protected":false},"excerpt":{"rendered":"<p>&#8230;darum! Wir sind am liebsten spontan unterwegs. Gib uns deine Mail und wir melden uns wenn die Bedingungen gut sind &#8230;weil sich durchdachte Planung angepasst an die Bedingungen auszahlt &#8230;weil wir es lieben bei guten Bedingungen unterwegs zu sein &#8230;weil wir Pulverschnee lieben &#8230;weil es einfach Sinn macht! Spontantouren werden immer zuerst per Mail ver\u00f6ffentlicht. [&hellip;]<\/p>\n","protected":false},"author":1,"featured_media":1171,"parent":0,"menu_order":0,"comment_status":"closed","ping_status":"closed","template":"","meta":{"footnotes":""},"class_list":["post-868","page","type-page","status-publish","has-post-thumbnail","hentry"],"_links":{"self":[{"href":"https:\/\/innsbrucker-bergfuehrer.at\/en\/wp-json\/wp\/v2\/pages\/868","targetHints":{"allow":["GET"]}}],"collection":[{"href":"https:\/\/innsbrucker-bergfuehrer.at\/en\/wp-json\/wp\/v2\/pages"}],"about":[{"href":"https:\/\/innsbrucker-bergfuehrer.at\/en\/wp-json\/wp\/v2\/types\/page"}],"author":[{"embeddable":true,"href":"https:\/\/innsbrucker-bergfuehrer.at\/en\/wp-json\/wp\/v2\/users\/1"}],"replies":[{"embeddable":true,"href":"https:\/\/innsbrucker-bergfuehrer.at\/en\/wp-json\/wp\/v2\/comments?post=868"}],"version-history":[{"count":22,"href":"https:\/\/innsbrucker-bergfuehrer.at\/en\/wp-json\/wp\/v2\/pages\/868\/revisions"}],"predecessor-version":[{"id":2564,"href":"https:\/\/innsbrucker-bergfuehrer.at\/en\/wp-json\/wp\/v2\/pages\/868\/revisions\/2564"}],"wp:featuredmedia":[{"embeddable":true,"href":"https:\/\/innsbrucker-bergfuehrer.at\/en\/wp-json\/wp\/v2\/media\/1171"}],"wp:attachment":[{"href":"https:\/\/innsbrucker-bergfuehrer.at\/en\/wp-json\/wp\/v2\/media?parent=868"}],"curies":[{"name":"wp","href":"https:\/\/api.w.org\/{rel}","templated":true}]}}