{"id":955,"date":"2025-10-07T16:24:27","date_gmt":"2025-10-07T16:24:27","guid":{"rendered":"https:\/\/innsbrucker-bergfuehrer.at\/?post_type=product&#038;p=955"},"modified":"2025-10-14T11:47:44","modified_gmt":"2025-10-14T11:47:44","slug":"eiskletterkurs-fuer-einsteiger-3-tage-in-luesens","status":"publish","type":"product","link":"https:\/\/innsbrucker-bergfuehrer.at\/en\/product\/eiskletterkurs-fuer-einsteiger-3-tage-in-luesens\/","title":{"rendered":"Eiskletterkurs f\u00fcr Einsteiger \u2013 3 Tage in L\u00fcsens"},"content":{"rendered":"<p>Du m\u00f6chtest die Welt des Eiskletterns kennenlernen? Die filigranen Strukturen und die Verg\u00e4nglichkeit der Materie Eis ist faszinierend und einsch\u00fcchternd zugleich. Gerade in dieser komplexen Disziplien ist der Einstieg unter professioneller Anleitung fast unumg\u00e4nglich. Mit unseren erfahrenen Guides lernst du die ersten Schritte im steilen Eis, den Umgang mit Steigeisen und Pickel und die wichtigsten Sicherheitsaskpekte. Der Alpengasthof L\u00fcsens stellt dabei den idealen Ausgangspunkt dar. Dank seiner H\u00f6henlage gibt es fast den ganzen Winter gute Verh\u00e4ltnisse und der n\u00e4chste Wasserfall ist nur wenige Minuten entfernt!<\/p>\n<p>&nbsp;<\/p>\n<p>&nbsp;<\/p>\n<p>&nbsp;<\/p>\n<p>&nbsp;<\/p>","protected":false},"excerpt":{"rendered":"<p>Du m\u00f6chtest die Welt des Eiskletterns kennenlernen? Die filigranen Strukturen und die Verg\u00e4nglichkeit der Materie Eis ist faszinierend und einsch\u00fcchternd zugleich.<\/p>\n<p>&nbsp;<\/p>","protected":false},"featured_media":957,"template":"","meta":[],"product_brand":[],"product_cat":[95,96,91],"product_tag":[89,90,78,66,79],"class_list":{"0":"post-955","1":"product","2":"type-product","3":"status-publish","4":"has-post-thumbnail","6":"product_cat-eisklettern","7":"product_cat-kurse","8":"product_cat-winter","9":"product_tag-grossglockner","10":"product_tag-hoechster-berg-oesterreichs","11":"product_tag-hochtour","12":"product_tag-klassiker","13":"product_tag-sommer","15":"first","16":"instock","17":"virtual","18":"purchasable","19":"product-type-simple"},"_links":{"self":[{"href":"https:\/\/innsbrucker-bergfuehrer.at\/en\/wp-json\/wp\/v2\/product\/955","targetHints":{"allow":["GET"]}}],"collection":[{"href":"https:\/\/innsbrucker-bergfuehrer.at\/en\/wp-json\/wp\/v2\/product"}],"about":[{"href":"https:\/\/innsbrucker-bergfuehrer.at\/en\/wp-json\/wp\/v2\/types\/product"}],"wp:featuredmedia":[{"embeddable":true,"href":"https:\/\/innsbrucker-bergfuehrer.at\/en\/wp-json\/wp\/v2\/media\/957"}],"wp:attachment":[{"href":"https:\/\/innsbrucker-bergfuehrer.at\/en\/wp-json\/wp\/v2\/media?parent=955"}],"wp:term":[{"taxonomy":"product_brand","embeddable":true,"href":"https:\/\/innsbrucker-bergfuehrer.at\/en\/wp-json\/wp\/v2\/product_brand?post=955"},{"taxonomy":"product_cat","embeddable":true,"href":"https:\/\/innsbrucker-bergfuehrer.at\/en\/wp-json\/wp\/v2\/product_cat?post=955"},{"taxonomy":"product_tag","embeddable":true,"href":"https:\/\/innsbrucker-bergfuehrer.at\/en\/wp-json\/wp\/v2\/product_tag?post=955"}],"curies":[{"name":"wp","href":"https:\/\/api.w.org\/{rel}","templated":true}]}}