{"id":967,"date":"2025-10-07T17:03:26","date_gmt":"2025-10-07T17:03:26","guid":{"rendered":"https:\/\/innsbrucker-bergfuehrer.at\/?post_type=product&#038;p=967"},"modified":"2025-11-08T19:19:12","modified_gmt":"2025-11-08T19:19:12","slug":"drytoolen-schnuppertag-in-der-sillschlucht","status":"publish","type":"product","link":"https:\/\/innsbrucker-bergfuehrer.at\/en\/product\/drytoolen-schnuppertag-in-der-sillschlucht\/","title":{"rendered":"Drytoolen \u2013 Schnuppertag in der Sillschlucht"},"content":{"rendered":"<p>Drytoolen \u2013 das Klettern mit Eisger\u00e4ten und Steigeisen im Fels \u2013 ist in alpinen W\u00e4nden so alt wie der Alpinismus selbst. In den letzten Jahrzehnten hat sich daraus aber eine Eigene Disziplin entwickelt! Geklettert wird dabei in Klettergebieten, die speziell daf\u00fcr gedacht sind. Damit werden keine bestehenden Routen in Felskletterg\u00e4rten besch\u00e4digt. Drytoolen ist die optimale Disziplin um sich auf schweres Eis- und Mixedklettern vorzubereiten und zu trainieren. Nebenbei machts auch noch richtig Spass!<br \/>\nDas kleine Gebiet &#8222;Drachenfels&#8220; in der Sillschlucht ist dabei optimal f\u00fcr den Einstieg geeignet und liegt zudem noch mitten in der Stadt. Dein Bergf\u00fchrer zeigt dir die wichtigsten Techniken und du kannst entspannt in diese Disziplin hineinschnuppern.<\/p>\n<p>&nbsp;<\/p>","protected":false},"excerpt":{"rendered":"<p>Drytoolen \u2013 das Klettern mit Eisger\u00e4ten und Steigeisen im Fels \u2013 ist in alpinen W\u00e4nden so alt wie der Alpinismus selbst.<\/p>\n<p>&nbsp;<\/p>\n<p>&nbsp;<\/p>","protected":false},"featured_media":968,"template":"","meta":[],"product_brand":[],"product_cat":[95,91],"product_tag":[89,90,78,66,79],"class_list":{"0":"post-967","1":"product","2":"type-product","3":"status-publish","4":"has-post-thumbnail","6":"product_cat-eisklettern","7":"product_cat-winter","8":"product_tag-grossglockner","9":"product_tag-hoechster-berg-oesterreichs","10":"product_tag-hochtour","11":"product_tag-klassiker","12":"product_tag-sommer","14":"first","15":"instock","16":"shipping-taxable","17":"purchasable","18":"product-type-variable"},"_links":{"self":[{"href":"https:\/\/innsbrucker-bergfuehrer.at\/en\/wp-json\/wp\/v2\/product\/967","targetHints":{"allow":["GET"]}}],"collection":[{"href":"https:\/\/innsbrucker-bergfuehrer.at\/en\/wp-json\/wp\/v2\/product"}],"about":[{"href":"https:\/\/innsbrucker-bergfuehrer.at\/en\/wp-json\/wp\/v2\/types\/product"}],"wp:featuredmedia":[{"embeddable":true,"href":"https:\/\/innsbrucker-bergfuehrer.at\/en\/wp-json\/wp\/v2\/media\/968"}],"wp:attachment":[{"href":"https:\/\/innsbrucker-bergfuehrer.at\/en\/wp-json\/wp\/v2\/media?parent=967"}],"wp:term":[{"taxonomy":"product_brand","embeddable":true,"href":"https:\/\/innsbrucker-bergfuehrer.at\/en\/wp-json\/wp\/v2\/product_brand?post=967"},{"taxonomy":"product_cat","embeddable":true,"href":"https:\/\/innsbrucker-bergfuehrer.at\/en\/wp-json\/wp\/v2\/product_cat?post=967"},{"taxonomy":"product_tag","embeddable":true,"href":"https:\/\/innsbrucker-bergfuehrer.at\/en\/wp-json\/wp\/v2\/product_tag?post=967"}],"curies":[{"name":"wp","href":"https:\/\/api.w.org\/{rel}","templated":true}]}}