{"id":977,"date":"2025-10-07T17:25:23","date_gmt":"2025-10-07T17:25:23","guid":{"rendered":"https:\/\/innsbrucker-bergfuehrer.at\/?post_type=product&#038;p=977"},"modified":"2025-11-08T18:43:15","modified_gmt":"2025-11-08T18:43:15","slug":"im-herzen-des-sellrain-skitourentage-am-westfalenhaus","status":"publish","type":"product","link":"https:\/\/innsbrucker-bergfuehrer.at\/en\/product\/im-herzen-des-sellrain-skitourentage-am-westfalenhaus\/","title":{"rendered":"Im Herzen des Sellrain \u2013 Skitourentage am Westfalenhaus"},"content":{"rendered":"<p>Das Sellrain ist als absolutes Top-Skitourengebiet und bietet mit seinen weiten H\u00e4ngen, Gletschwert\u00e4lern und eindrucksvollen 3000er-Gipfeln puren Skitouren-Genuss. Unser St\u00fctzpunkt, das &#8222;Westfalenhaus&#8220;, liegt mitten in seinem Herzen! Von dort gibt es viele M\u00f6glichkeiten f\u00fcr Traumhafte Pulver oder Firnabfahrten, Aussichtsreiche Gipfel und spannende \u00dcberg\u00e4nge. Die sonnige Terasse mit Blick auf den &#8222;L\u00fcsener Fernerkogel&#8220; l\u00e4dt dabei zu einem entspannten ausklingen der Tage ein!<\/p>\n<p>&nbsp;<\/p>\n<p>&nbsp;<\/p>","protected":false},"excerpt":{"rendered":"<p>Das Sellrain ist als absolutes Top-Skitourengebiet und bietet mit seinen weiten H\u00e4ngen, Gletschwert\u00e4lern und eindrucksvollen 3000er-Gipfeln puren Skitouren-Genuss.<\/p>\n<p>&nbsp;<\/p>\n<p>&nbsp;<\/p>","protected":false},"featured_media":978,"template":"","meta":[],"product_brand":[],"product_cat":[93,94,91],"product_tag":[89,90,78,66,79],"class_list":{"0":"post-977","1":"product","2":"type-product","3":"status-publish","4":"has-post-thumbnail","6":"product_cat-ski","7":"product_cat-skitour","8":"product_cat-winter","9":"product_tag-grossglockner","10":"product_tag-hoechster-berg-oesterreichs","11":"product_tag-hochtour","12":"product_tag-klassiker","13":"product_tag-sommer","15":"first","16":"outofstock","17":"virtual","18":"purchasable","19":"product-type-simple"},"_links":{"self":[{"href":"https:\/\/innsbrucker-bergfuehrer.at\/en\/wp-json\/wp\/v2\/product\/977","targetHints":{"allow":["GET"]}}],"collection":[{"href":"https:\/\/innsbrucker-bergfuehrer.at\/en\/wp-json\/wp\/v2\/product"}],"about":[{"href":"https:\/\/innsbrucker-bergfuehrer.at\/en\/wp-json\/wp\/v2\/types\/product"}],"wp:featuredmedia":[{"embeddable":true,"href":"https:\/\/innsbrucker-bergfuehrer.at\/en\/wp-json\/wp\/v2\/media\/978"}],"wp:attachment":[{"href":"https:\/\/innsbrucker-bergfuehrer.at\/en\/wp-json\/wp\/v2\/media?parent=977"}],"wp:term":[{"taxonomy":"product_brand","embeddable":true,"href":"https:\/\/innsbrucker-bergfuehrer.at\/en\/wp-json\/wp\/v2\/product_brand?post=977"},{"taxonomy":"product_cat","embeddable":true,"href":"https:\/\/innsbrucker-bergfuehrer.at\/en\/wp-json\/wp\/v2\/product_cat?post=977"},{"taxonomy":"product_tag","embeddable":true,"href":"https:\/\/innsbrucker-bergfuehrer.at\/en\/wp-json\/wp\/v2\/product_tag?post=977"}],"curies":[{"name":"wp","href":"https:\/\/api.w.org\/{rel}","templated":true}]}}